{"id":9639,"date":"2025-05-23T14:10:10","date_gmt":"2025-05-23T12:10:10","guid":{"rendered":"https:\/\/argosspartners.com\/hot-topic\/"},"modified":"2026-03-20T18:00:27","modified_gmt":"2026-03-20T17:00:27","slug":"hot-topic","status":"publish","type":"page","link":"https:\/\/argosspartners.com\/en\/hot-topic\/","title":{"rendered":"Hot topic"},"content":{"rendered":"\t\t<div data-elementor-type=\"wp-page\" data-elementor-id=\"9639\" class=\"elementor elementor-9639 elementor-8811\" data-elementor-post-type=\"page\">\n\t\t\t\t<div class=\"elementor-element elementor-element-36572e2 e-flex e-con-boxed elementor-repeater-item-default_padding sk-none elementor-repeater-item-none elementor-repeater-item-none_hover e-con e-parent\" data-id=\"36572e2\" data-element_type=\"container\" data-e-type=\"container\" data-settings=\"{&quot;background_background&quot;:&quot;classic&quot;,&quot;ang_container_spacing_size&quot;:&quot;default_padding&quot;,&quot;jet_parallax_layout_list&quot;:[]}\">\n\t\t\t\t\t<div class=\"e-con-inner\">\n\t\t<div class=\"elementor-element elementor-element-17675e5 e-con-full e-flex elementor-repeater-item-default_padding elementor-repeater-item-none elementor-repeater-item-none_hover e-con e-child\" data-id=\"17675e5\" data-element_type=\"container\" data-e-type=\"container\" data-settings=\"{&quot;ang_container_spacing_size&quot;:&quot;default_padding&quot;,&quot;jet_parallax_layout_list&quot;:[]}\">\n\t\t\t\t<div class=\"elementor-element elementor-element-81ab414 elementor-repeater-item-none elementor-repeater-item-none_hover elementor-invisible elementor-widget elementor-widget-heading\" data-id=\"81ab414\" data-element_type=\"widget\" data-e-type=\"widget\" data-settings=\"{&quot;_animation&quot;:&quot;fadeIn&quot;,&quot;_animation_delay&quot;:&quot;100&quot;}\" data-widget_type=\"heading.default\">\n\t\t\t\t<div class=\"elementor-widget-container\">\n\t\t\t\t\t<h1 class=\"elementor-heading-title elementor-size-default\">ARGOSS Partners <br>Hot topics<\/h1>\t\t\t\t<\/div>\n\t\t\t\t<\/div>\n\t\t\t\t<\/div>\n\t\t\t\t\t<\/div>\n\t\t\t\t<\/div>\n\t\t<div class=\"elementor-element elementor-element-aa0c3f1 e-flex e-con-boxed elementor-repeater-item-default_padding elementor-repeater-item-none elementor-repeater-item-none_hover e-con e-parent\" data-id=\"aa0c3f1\" data-element_type=\"container\" data-e-type=\"container\" data-settings=\"{&quot;ang_container_spacing_size&quot;:&quot;default_padding&quot;,&quot;jet_parallax_layout_list&quot;:[]}\">\n\t\t\t\t\t<div class=\"e-con-inner\">\n\t\t\t\t<div class=\"elementor-element elementor-element-5652cc6 elementor-posts--align-center elementor-grid-3 elementor-grid-tablet-2 elementor-grid-mobile-1 elementor-posts--thumbnail-top elementor-card-shadow-yes elementor-posts__hover-gradient elementor-repeater-item-none elementor-repeater-item-none_hover elementor-widget elementor-widget-posts\" data-id=\"5652cc6\" data-element_type=\"widget\" data-e-type=\"widget\" data-settings=\"{&quot;pagination_type&quot;:&quot;load_more_infinite_scroll&quot;,&quot;cards_columns&quot;:&quot;3&quot;,&quot;cards_columns_tablet&quot;:&quot;2&quot;,&quot;cards_columns_mobile&quot;:&quot;1&quot;,&quot;cards_row_gap&quot;:{&quot;unit&quot;:&quot;px&quot;,&quot;size&quot;:35,&quot;sizes&quot;:[]},&quot;cards_row_gap_tablet&quot;:{&quot;unit&quot;:&quot;px&quot;,&quot;size&quot;:&quot;&quot;,&quot;sizes&quot;:[]},&quot;cards_row_gap_mobile&quot;:{&quot;unit&quot;:&quot;px&quot;,&quot;size&quot;:&quot;&quot;,&quot;sizes&quot;:[]},&quot;load_more_spinner&quot;:{&quot;value&quot;:&quot;fas fa-spinner&quot;,&quot;library&quot;:&quot;fa-solid&quot;}}\" data-widget_type=\"posts.cards\">\n\t\t\t\t<div class=\"elementor-widget-container\">\n\t\t\t\t\t\t\t<div class=\"elementor-posts-container elementor-posts elementor-posts--skin-cards elementor-grid\">\n\t\t\t\t<article class=\"elementor-post elementor-grid-item post-8817 post type-post status-publish format-standard has-post-thumbnail hentry category-videoconference\">\n\t\t\t<div class=\"elementor-post__card\">\n\t\t\t\t<a class=\"elementor-post__thumbnail__link\" href=\"https:\/\/argosspartners.com\/en\/optimizacion-de-creditos-emproblemados-claves-para-la-creacion-y-operacion-de-un-banco-malo\/\" tabindex=\"-1\" ><div class=\"elementor-post__thumbnail\"><img fetchpriority=\"high\" decoding=\"async\" width=\"438\" height=\"329\" src=\"https:\/\/argosspartners.com\/wp-content\/uploads\/sites\/614\/2025\/05\/Optimizacion-de-creditos-emproblemados-claves-para-la-creacion-y-operacion-de-un-Banco-Malo.webp\" class=\"attachment-medium_large size-medium_large wp-image-8822\" alt=\"\" srcset=\"https:\/\/argosspartners.com\/wp-content\/uploads\/sites\/614\/2025\/05\/Optimizacion-de-creditos-emproblemados-claves-para-la-creacion-y-operacion-de-un-Banco-Malo.webp 438w, https:\/\/argosspartners.com\/wp-content\/uploads\/sites\/614\/2025\/05\/Optimizacion-de-creditos-emproblemados-claves-para-la-creacion-y-operacion-de-un-Banco-Malo-300x225.webp 300w\" sizes=\"(max-width: 438px) 100vw, 438px\" \/><\/div><\/a>\n\t\t\t\t<div class=\"elementor-post__text\">\n\t\t\t\t<h2 class=\"elementor-post__title\">\n\t\t\t<a href=\"https:\/\/argosspartners.com\/en\/optimizacion-de-creditos-emproblemados-claves-para-la-creacion-y-operacion-de-un-banco-malo\/\" >\n\t\t\t\tOptimizaci\u00f3n de cr\u00e9ditos emproblemados: claves para la creaci\u00f3n y operaci\u00f3n de un Banco Malo\t\t\t<\/a>\n\t\t<\/h2>\n\t\t\t\t<div class=\"elementor-post__excerpt\">\n\t\t\t<p>Durante una crisis severa como Covid-19, el volumen de activos crediticios estresados y en dificultades en el balance de la<\/p>\n\t\t<\/div>\n\t\t\n\t\t<a class=\"elementor-post__read-more\" href=\"https:\/\/argosspartners.com\/en\/optimizacion-de-creditos-emproblemados-claves-para-la-creacion-y-operacion-de-un-banco-malo\/\" aria-label=\"Read more about Optimizaci\u00f3n de cr\u00e9ditos emproblemados: claves para la creaci\u00f3n y operaci\u00f3n de un Banco Malo\" tabindex=\"-1\" >\n\t\t\tRead more \u00bb\t\t<\/a>\n\n\t\t\t\t<\/div>\n\t\t\t\t<div class=\"elementor-post__meta-data\">\n\t\t\t\t\t<span class=\"elementor-post-date\">\n\t\t\t3 de September de 2020\t\t<\/span>\n\t\t\t\t<\/div>\n\t\t\t\t\t<\/div>\n\t\t<\/article>\n\t\t\t\t<article class=\"elementor-post elementor-grid-item post-8829 post type-post status-publish format-standard has-post-thumbnail hentry category-videoconference\">\n\t\t\t<div class=\"elementor-post__card\">\n\t\t\t\t<a class=\"elementor-post__thumbnail__link\" href=\"https:\/\/argosspartners.com\/en\/reestructuraciones-operativas\/\" tabindex=\"-1\" ><div class=\"elementor-post__thumbnail\"><img decoding=\"async\" width=\"438\" height=\"329\" src=\"https:\/\/argosspartners.com\/wp-content\/uploads\/sites\/614\/2025\/05\/Reestructuraciones-Operativas.webp\" class=\"attachment-medium_large size-medium_large wp-image-8830\" alt=\"\" srcset=\"https:\/\/argosspartners.com\/wp-content\/uploads\/sites\/614\/2025\/05\/Reestructuraciones-Operativas.webp 438w, https:\/\/argosspartners.com\/wp-content\/uploads\/sites\/614\/2025\/05\/Reestructuraciones-Operativas-300x225.webp 300w\" sizes=\"(max-width: 438px) 100vw, 438px\" \/><\/div><\/a>\n\t\t\t\t<div class=\"elementor-post__text\">\n\t\t\t\t<h2 class=\"elementor-post__title\">\n\t\t\t<a href=\"https:\/\/argosspartners.com\/en\/reestructuraciones-operativas\/\" >\n\t\t\t\tReestructuraciones operativas.\t\t\t<\/a>\n\t\t<\/h2>\n\t\t\t\t<div class=\"elementor-post__excerpt\">\n\t\t\t\t\t<\/div>\n\t\t\n\t\t<a class=\"elementor-post__read-more\" href=\"https:\/\/argosspartners.com\/en\/reestructuraciones-operativas\/\" aria-label=\"Read more about Reestructuraciones operativas.\" tabindex=\"-1\" >\n\t\t\tRead more \u00bb\t\t<\/a>\n\n\t\t\t\t<\/div>\n\t\t\t\t<div class=\"elementor-post__meta-data\">\n\t\t\t\t\t<span class=\"elementor-post-date\">\n\t\t\t25 de August de 2020\t\t<\/span>\n\t\t\t\t<\/div>\n\t\t\t\t\t<\/div>\n\t\t<\/article>\n\t\t\t\t<article class=\"elementor-post elementor-grid-item post-8837 post type-post status-publish format-standard has-post-thumbnail hentry category-videoconference\">\n\t\t\t<div class=\"elementor-post__card\">\n\t\t\t\t<a class=\"elementor-post__thumbnail__link\" href=\"https:\/\/argosspartners.com\/en\/reestructura-de-corporaciones-con-riesgo-sistemico-para-el-sistema-financiero\/\" tabindex=\"-1\" ><div class=\"elementor-post__thumbnail\"><img decoding=\"async\" width=\"438\" height=\"329\" src=\"https:\/\/argosspartners.com\/wp-content\/uploads\/sites\/614\/2025\/05\/Reestructura-de-corporaciones-con-riesgo-sistemico-para-el-sistema-financiero.webp\" class=\"attachment-medium_large size-medium_large wp-image-8838\" alt=\"\" srcset=\"https:\/\/argosspartners.com\/wp-content\/uploads\/sites\/614\/2025\/05\/Reestructura-de-corporaciones-con-riesgo-sistemico-para-el-sistema-financiero.webp 438w, https:\/\/argosspartners.com\/wp-content\/uploads\/sites\/614\/2025\/05\/Reestructura-de-corporaciones-con-riesgo-sistemico-para-el-sistema-financiero-300x225.webp 300w\" sizes=\"(max-width: 438px) 100vw, 438px\" \/><\/div><\/a>\n\t\t\t\t<div class=\"elementor-post__text\">\n\t\t\t\t<h2 class=\"elementor-post__title\">\n\t\t\t<a href=\"https:\/\/argosspartners.com\/en\/reestructura-de-corporaciones-con-riesgo-sistemico-para-el-sistema-financiero\/\" >\n\t\t\t\tReestructura de corporaciones con riesgo sist\u00e9mico para el sistema financiero\t\t\t<\/a>\n\t\t<\/h2>\n\t\t\t\t<div class=\"elementor-post__excerpt\">\n\t\t\t<p>La crisis econ\u00f3mica causada por la difusi\u00f3n del Covid19 est\u00e1 afectando a m\u00faltiples empresas y sectores de la econom\u00eda. Un<\/p>\n\t\t<\/div>\n\t\t\n\t\t<a class=\"elementor-post__read-more\" href=\"https:\/\/argosspartners.com\/en\/reestructura-de-corporaciones-con-riesgo-sistemico-para-el-sistema-financiero\/\" aria-label=\"Read more about Reestructura de corporaciones con riesgo sist\u00e9mico para el sistema financiero\" tabindex=\"-1\" >\n\t\t\tRead more \u00bb\t\t<\/a>\n\n\t\t\t\t<\/div>\n\t\t\t\t<div class=\"elementor-post__meta-data\">\n\t\t\t\t\t<span class=\"elementor-post-date\">\n\t\t\t11 de August de 2020\t\t<\/span>\n\t\t\t\t<\/div>\n\t\t\t\t\t<\/div>\n\t\t<\/article>\n\t\t\t\t<article class=\"elementor-post elementor-grid-item post-8841 post type-post status-publish format-standard has-post-thumbnail hentry category-post\">\n\t\t\t<div class=\"elementor-post__card\">\n\t\t\t\t<a class=\"elementor-post__thumbnail__link\" href=\"https:\/\/argosspartners.com\/en\/consultoria-financiera\/\" tabindex=\"-1\" ><div class=\"elementor-post__thumbnail\"><img loading=\"lazy\" decoding=\"async\" width=\"720\" height=\"540\" src=\"https:\/\/argosspartners.com\/wp-content\/uploads\/sites\/614\/2025\/05\/Consultoria-Financiera.webp\" class=\"attachment-medium_large size-medium_large wp-image-8842\" alt=\"\" srcset=\"https:\/\/argosspartners.com\/wp-content\/uploads\/sites\/614\/2025\/05\/Consultoria-Financiera.webp 720w, https:\/\/argosspartners.com\/wp-content\/uploads\/sites\/614\/2025\/05\/Consultoria-Financiera-300x225.webp 300w\" sizes=\"(max-width: 720px) 100vw, 720px\" \/><\/div><\/a>\n\t\t\t\t<div class=\"elementor-post__text\">\n\t\t\t\t<h2 class=\"elementor-post__title\">\n\t\t\t<a href=\"https:\/\/argosspartners.com\/en\/consultoria-financiera\/\" >\n\t\t\t\tConsultor\u00eda financiera\t\t\t<\/a>\n\t\t<\/h2>\n\t\t\t\t<div class=\"elementor-post__excerpt\">\n\t\t\t<p>Su opci\u00f3n especializada en consultor\u00eda financiera Argoss Partners es una firma consultora de expertos financieros, imparcial e independiente, Nos especializamos<\/p>\n\t\t<\/div>\n\t\t\n\t\t<a class=\"elementor-post__read-more\" href=\"https:\/\/argosspartners.com\/en\/consultoria-financiera\/\" aria-label=\"Read more about Consultor\u00eda financiera\" tabindex=\"-1\" >\n\t\t\tRead more \u00bb\t\t<\/a>\n\n\t\t\t\t<\/div>\n\t\t\t\t<div class=\"elementor-post__meta-data\">\n\t\t\t\t\t<span class=\"elementor-post-date\">\n\t\t\t15 de July de 2020\t\t<\/span>\n\t\t\t\t<\/div>\n\t\t\t\t\t<\/div>\n\t\t<\/article>\n\t\t\t\t<article class=\"elementor-post elementor-grid-item post-8845 post type-post status-publish format-standard has-post-thumbnail hentry category-post\">\n\t\t\t<div class=\"elementor-post__card\">\n\t\t\t\t<a class=\"elementor-post__thumbnail__link\" href=\"https:\/\/argosspartners.com\/en\/deudas-bancarias\/\" tabindex=\"-1\" ><div class=\"elementor-post__thumbnail\"><img loading=\"lazy\" decoding=\"async\" width=\"720\" height=\"540\" src=\"https:\/\/argosspartners.com\/wp-content\/uploads\/sites\/614\/2025\/05\/Deudas-Bancarias.webp\" class=\"attachment-medium_large size-medium_large wp-image-8846\" alt=\"\" srcset=\"https:\/\/argosspartners.com\/wp-content\/uploads\/sites\/614\/2025\/05\/Deudas-Bancarias.webp 720w, https:\/\/argosspartners.com\/wp-content\/uploads\/sites\/614\/2025\/05\/Deudas-Bancarias-300x225.webp 300w\" sizes=\"(max-width: 720px) 100vw, 720px\" \/><\/div><\/a>\n\t\t\t\t<div class=\"elementor-post__text\">\n\t\t\t\t<h2 class=\"elementor-post__title\">\n\t\t\t<a href=\"https:\/\/argosspartners.com\/en\/deudas-bancarias\/\" >\n\t\t\t\tDeudas bancarias\t\t\t<\/a>\n\t\t<\/h2>\n\t\t\t\t<div class=\"elementor-post__excerpt\">\n\t\t\t<p>Soluciones efectivas de reestructuraci\u00f3n de deudas bancarias En los dif\u00edciles procesos de reestructuraci\u00f3n de deudas bancarias, usted tiene un aliado<\/p>\n\t\t<\/div>\n\t\t\n\t\t<a class=\"elementor-post__read-more\" href=\"https:\/\/argosspartners.com\/en\/deudas-bancarias\/\" aria-label=\"Read more about Deudas bancarias\" tabindex=\"-1\" >\n\t\t\tRead more \u00bb\t\t<\/a>\n\n\t\t\t\t<\/div>\n\t\t\t\t<div class=\"elementor-post__meta-data\">\n\t\t\t\t\t<span class=\"elementor-post-date\">\n\t\t\t14 de July de 2020\t\t<\/span>\n\t\t\t\t<\/div>\n\t\t\t\t\t<\/div>\n\t\t<\/article>\n\t\t\t\t<article class=\"elementor-post elementor-grid-item post-8861 post type-post status-publish format-standard has-post-thumbnail hentry category-post\">\n\t\t\t<div class=\"elementor-post__card\">\n\t\t\t\t<a class=\"elementor-post__thumbnail__link\" href=\"https:\/\/argosspartners.com\/en\/planificacion-financiera\/\" tabindex=\"-1\" ><div class=\"elementor-post__thumbnail\"><img loading=\"lazy\" decoding=\"async\" width=\"720\" height=\"540\" src=\"https:\/\/argosspartners.com\/wp-content\/uploads\/sites\/614\/2025\/05\/Planificacion-Financiera.webp\" class=\"attachment-medium_large size-medium_large wp-image-8862\" alt=\"\" srcset=\"https:\/\/argosspartners.com\/wp-content\/uploads\/sites\/614\/2025\/05\/Planificacion-Financiera.webp 720w, https:\/\/argosspartners.com\/wp-content\/uploads\/sites\/614\/2025\/05\/Planificacion-Financiera-300x225.webp 300w\" sizes=\"(max-width: 720px) 100vw, 720px\" \/><\/div><\/a>\n\t\t\t\t<div class=\"elementor-post__text\">\n\t\t\t\t<h2 class=\"elementor-post__title\">\n\t\t\t<a href=\"https:\/\/argosspartners.com\/en\/planificacion-financiera\/\" >\n\t\t\t\tPlanificaci\u00f3n financiera\t\t\t<\/a>\n\t\t<\/h2>\n\t\t\t\t<div class=\"elementor-post__excerpt\">\n\t\t\t<p>Expertos en planificaci\u00f3n financiera La planificaci\u00f3n financiera en una empresa moderna es una tarea delicada y compleja, que a menudo<\/p>\n\t\t<\/div>\n\t\t\n\t\t<a class=\"elementor-post__read-more\" href=\"https:\/\/argosspartners.com\/en\/planificacion-financiera\/\" aria-label=\"Read more about Planificaci\u00f3n financiera\" tabindex=\"-1\" >\n\t\t\tRead more \u00bb\t\t<\/a>\n\n\t\t\t\t<\/div>\n\t\t\t\t<div class=\"elementor-post__meta-data\">\n\t\t\t\t\t<span class=\"elementor-post-date\">\n\t\t\t10 de July de 2020\t\t<\/span>\n\t\t\t\t<\/div>\n\t\t\t\t\t<\/div>\n\t\t<\/article>\n\t\t\t\t<\/div>\n\t\t\t\t\t<span class=\"e-load-more-spinner\">\n\t\t\t\t<svg aria-hidden=\"true\" class=\"e-font-icon-svg e-fas-spinner\" viewBox=\"0 0 512 512\" xmlns=\"http:\/\/www.w3.org\/2000\/svg\"><path d=\"M304 48c0 26.51-21.49 48-48 48s-48-21.49-48-48 21.49-48 48-48 48 21.49 48 48zm-48 368c-26.51 0-48 21.49-48 48s21.49 48 48 48 48-21.49 48-48-21.49-48-48-48zm208-208c-26.51 0-48 21.49-48 48s21.49 48 48 48 48-21.49 48-48-21.49-48-48-48zM96 256c0-26.51-21.49-48-48-48S0 229.49 0 256s21.49 48 48 48 48-21.49 48-48zm12.922 99.078c-26.51 0-48 21.49-48 48s21.49 48 48 48 48-21.49 48-48c0-26.509-21.491-48-48-48zm294.156 0c-26.51 0-48 21.49-48 48s21.49 48 48 48 48-21.49 48-48c0-26.509-21.49-48-48-48zM108.922 60.922c-26.51 0-48 21.49-48 48s21.49 48 48 48 48-21.49 48-48-21.491-48-48-48z\"><\/path><\/svg>\t\t\t<\/span>\n\t\t\n\t\t\t\t\t\t<\/div>\n\t\t\t\t<\/div>\n\t\t\t\t\t<\/div>\n\t\t\t\t<\/div>\n\t\t\t\t<\/div>\n\t\t","protected":false},"excerpt":{"rendered":"<p>ARGOSS Partners Hot topics<\/p>\n","protected":false},"author":135,"featured_media":0,"parent":0,"menu_order":0,"comment_status":"closed","ping_status":"closed","template":"elementor_header_footer","meta":{"_acf_changed":false,"footnotes":""},"class_list":["post-9639","page","type-page","status-publish","hentry"],"yoast_head":"<!-- This site is optimized with the Yoast SEO plugin v27.4 - https:\/\/yoast.com\/product\/yoast-seo-wordpress\/ -->\n<title>Strategic Consulting and Crisis Management | ARGOSS<\/title>\n<meta name=\"description\" content=\"Strategic solutions for companies in complex situations. Strategic Consulting and Crisis Management: We offer comprehensive assessment and tactical planning.\" \/>\n<meta name=\"robots\" content=\"index, follow, max-snippet:-1, max-image-preview:large, max-video-preview:-1\" \/>\n<link rel=\"canonical\" href=\"https:\/\/argosspartners.com\/hot-topic\/\" \/>\n<meta property=\"og:locale\" content=\"en_US\" \/>\n<meta property=\"og:type\" content=\"article\" \/>\n<meta property=\"og:title\" content=\"Strategic Consulting and Crisis Management | ARGOSS\" \/>\n<meta property=\"og:description\" content=\"Strategic solutions for companies in complex situations. Strategic Consulting and Crisis Management: We offer comprehensive assessment and tactical planning.\" \/>\n<meta property=\"og:url\" content=\"https:\/\/argosspartners.com\/hot-topic\/\" \/>\n<meta property=\"og:site_name\" content=\"ARGOSS PARTNERS ASESORES FINANCIEROS SL\" \/>\n<meta property=\"article:modified_time\" content=\"2026-03-20T17:00:27+00:00\" \/>\n<meta name=\"twitter:card\" content=\"summary_large_image\" \/>\n<script type=\"application\/ld+json\" class=\"yoast-schema-graph\">{\"@context\":\"https:\\\/\\\/schema.org\",\"@graph\":[{\"@type\":\"WebPage\",\"@id\":\"https:\\\/\\\/argosspartners.com\\\/hot-topic\\\/\",\"url\":\"https:\\\/\\\/argosspartners.com\\\/hot-topic\\\/\",\"name\":\"Strategic Consulting and Crisis Management | ARGOSS\",\"isPartOf\":{\"@id\":\"https:\\\/\\\/argosspartners.com\\\/#website\"},\"datePublished\":\"2025-05-23T12:10:10+00:00\",\"dateModified\":\"2026-03-20T17:00:27+00:00\",\"description\":\"Strategic solutions for companies in complex situations. Strategic Consulting and Crisis Management: We offer comprehensive assessment and tactical planning.\",\"breadcrumb\":{\"@id\":\"https:\\\/\\\/argosspartners.com\\\/hot-topic\\\/#breadcrumb\"},\"inLanguage\":\"en-US\",\"potentialAction\":[{\"@type\":\"ReadAction\",\"target\":[\"https:\\\/\\\/argosspartners.com\\\/hot-topic\\\/\"]}]},{\"@type\":\"BreadcrumbList\",\"@id\":\"https:\\\/\\\/argosspartners.com\\\/hot-topic\\\/#breadcrumb\",\"itemListElement\":[{\"@type\":\"ListItem\",\"position\":1,\"name\":\"Portada\",\"item\":\"https:\\\/\\\/argosspartners.com\\\/en\\\/\"},{\"@type\":\"ListItem\",\"position\":2,\"name\":\"Hot topic\"}]},{\"@type\":\"WebSite\",\"@id\":\"https:\\\/\\\/argosspartners.com\\\/#website\",\"url\":\"https:\\\/\\\/argosspartners.com\\\/\",\"name\":\"ARGOSS PARTNERS ASESORES FINANCIEROS SL\",\"description\":\"Servicios financieros\",\"publisher\":{\"@id\":\"https:\\\/\\\/argosspartners.com\\\/#organization\"},\"potentialAction\":[{\"@type\":\"SearchAction\",\"target\":{\"@type\":\"EntryPoint\",\"urlTemplate\":\"https:\\\/\\\/argosspartners.com\\\/?s={search_term_string}\"},\"query-input\":{\"@type\":\"PropertyValueSpecification\",\"valueRequired\":true,\"valueName\":\"search_term_string\"}}],\"inLanguage\":\"en-US\"},{\"@type\":\"Organization\",\"@id\":\"https:\\\/\\\/argosspartners.com\\\/#organization\",\"name\":\"ARGOSS PARTNERS ASESORES FINANCIEROS SL\",\"url\":\"https:\\\/\\\/argosspartners.com\\\/\",\"logo\":{\"@type\":\"ImageObject\",\"inLanguage\":\"en-US\",\"@id\":\"https:\\\/\\\/argosspartners.com\\\/#\\\/schema\\\/logo\\\/image\\\/\",\"url\":\"https:\\\/\\\/argosspartners.com\\\/wp-content\\\/uploads\\\/sites\\\/614\\\/2024\\\/05\\\/Consultoria-Financiera-Argoss-Partners-05-01-2025_07_03_AM.png\",\"contentUrl\":\"https:\\\/\\\/argosspartners.com\\\/wp-content\\\/uploads\\\/sites\\\/614\\\/2024\\\/05\\\/Consultoria-Financiera-Argoss-Partners-05-01-2025_07_03_AM.png\",\"width\":210,\"height\":53,\"caption\":\"ARGOSS PARTNERS ASESORES FINANCIEROS SL \"},\"image\":{\"@id\":\"https:\\\/\\\/argosspartners.com\\\/#\\\/schema\\\/logo\\\/image\\\/\"}}]}<\/script>\n<!-- \/ Yoast SEO plugin. -->","yoast_head_json":{"title":"Strategic Consulting and Crisis Management | ARGOSS","description":"Strategic solutions for companies in complex situations. Strategic Consulting and Crisis Management: We offer comprehensive assessment and tactical planning.","robots":{"index":"index","follow":"follow","max-snippet":"max-snippet:-1","max-image-preview":"max-image-preview:large","max-video-preview":"max-video-preview:-1"},"canonical":"https:\/\/argosspartners.com\/hot-topic\/","og_locale":"en_US","og_type":"article","og_title":"Strategic Consulting and Crisis Management | ARGOSS","og_description":"Strategic solutions for companies in complex situations. Strategic Consulting and Crisis Management: We offer comprehensive assessment and tactical planning.","og_url":"https:\/\/argosspartners.com\/hot-topic\/","og_site_name":"ARGOSS PARTNERS ASESORES FINANCIEROS SL","article_modified_time":"2026-03-20T17:00:27+00:00","twitter_card":"summary_large_image","schema":{"@context":"https:\/\/schema.org","@graph":[{"@type":"WebPage","@id":"https:\/\/argosspartners.com\/hot-topic\/","url":"https:\/\/argosspartners.com\/hot-topic\/","name":"Strategic Consulting and Crisis Management | ARGOSS","isPartOf":{"@id":"https:\/\/argosspartners.com\/#website"},"datePublished":"2025-05-23T12:10:10+00:00","dateModified":"2026-03-20T17:00:27+00:00","description":"Strategic solutions for companies in complex situations. Strategic Consulting and Crisis Management: We offer comprehensive assessment and tactical planning.","breadcrumb":{"@id":"https:\/\/argosspartners.com\/hot-topic\/#breadcrumb"},"inLanguage":"en-US","potentialAction":[{"@type":"ReadAction","target":["https:\/\/argosspartners.com\/hot-topic\/"]}]},{"@type":"BreadcrumbList","@id":"https:\/\/argosspartners.com\/hot-topic\/#breadcrumb","itemListElement":[{"@type":"ListItem","position":1,"name":"Portada","item":"https:\/\/argosspartners.com\/en\/"},{"@type":"ListItem","position":2,"name":"Hot topic"}]},{"@type":"WebSite","@id":"https:\/\/argosspartners.com\/#website","url":"https:\/\/argosspartners.com\/","name":"ARGOSS PARTNERS ASESORES FINANCIEROS SL","description":"Servicios financieros","publisher":{"@id":"https:\/\/argosspartners.com\/#organization"},"potentialAction":[{"@type":"SearchAction","target":{"@type":"EntryPoint","urlTemplate":"https:\/\/argosspartners.com\/?s={search_term_string}"},"query-input":{"@type":"PropertyValueSpecification","valueRequired":true,"valueName":"search_term_string"}}],"inLanguage":"en-US"},{"@type":"Organization","@id":"https:\/\/argosspartners.com\/#organization","name":"ARGOSS PARTNERS ASESORES FINANCIEROS SL","url":"https:\/\/argosspartners.com\/","logo":{"@type":"ImageObject","inLanguage":"en-US","@id":"https:\/\/argosspartners.com\/#\/schema\/logo\/image\/","url":"https:\/\/argosspartners.com\/wp-content\/uploads\/sites\/614\/2024\/05\/Consultoria-Financiera-Argoss-Partners-05-01-2025_07_03_AM.png","contentUrl":"https:\/\/argosspartners.com\/wp-content\/uploads\/sites\/614\/2024\/05\/Consultoria-Financiera-Argoss-Partners-05-01-2025_07_03_AM.png","width":210,"height":53,"caption":"ARGOSS PARTNERS ASESORES FINANCIEROS SL "},"image":{"@id":"https:\/\/argosspartners.com\/#\/schema\/logo\/image\/"}}]}},"acf":[],"_links":{"self":[{"href":"https:\/\/argosspartners.com\/en\/wp-json\/wp\/v2\/pages\/9639","targetHints":{"allow":["GET"]}}],"collection":[{"href":"https:\/\/argosspartners.com\/en\/wp-json\/wp\/v2\/pages"}],"about":[{"href":"https:\/\/argosspartners.com\/en\/wp-json\/wp\/v2\/types\/page"}],"author":[{"embeddable":true,"href":"https:\/\/argosspartners.com\/en\/wp-json\/wp\/v2\/users\/135"}],"replies":[{"embeddable":true,"href":"https:\/\/argosspartners.com\/en\/wp-json\/wp\/v2\/comments?post=9639"}],"version-history":[{"count":0,"href":"https:\/\/argosspartners.com\/en\/wp-json\/wp\/v2\/pages\/9639\/revisions"}],"wp:attachment":[{"href":"https:\/\/argosspartners.com\/en\/wp-json\/wp\/v2\/media?parent=9639"}],"curies":[{"name":"wp","href":"https:\/\/api.w.org\/{rel}","templated":true}]}}